{"id":8,"date":"2024-05-31T12:34:49","date_gmt":"2024-05-31T15:34:49","guid":{"rendered":"https:\/\/bioimgnet.com.br\/?page_id=8"},"modified":"2024-06-01T16:12:47","modified_gmt":"2024-06-01T19:12:47","slug":"home","status":"publish","type":"page","link":"https:\/\/bioimgnet.com.br\/pt\/","title":{"rendered":"P\u00e1gina Inicial"},"content":{"rendered":"<div data-elementor-type=\"wp-page\" data-elementor-id=\"8\" class=\"elementor elementor-8\" data-elementor-post-type=\"page\">\n\t\t\t\t<div class=\"elementor-element elementor-element-9813ee6 e-flex e-con-boxed wpr-particle-no wpr-jarallax-no wpr-parallax-no wpr-sticky-section-no e-con e-parent\" data-id=\"9813ee6\" data-element_type=\"container\" data-e-type=\"container\">\n\t\t\t\t\t<div class=\"e-con-inner\">\n\t\t\t\t<div class=\"elementor-element elementor-element-45e4a8c elementor-widget elementor-widget-heading\" data-id=\"45e4a8c\" data-element_type=\"widget\" data-e-type=\"widget\" data-widget_type=\"heading.default\">\n\t\t\t\t<div class=\"elementor-widget-container\">\n\t\t\t\t\t<h2 class=\"elementor-heading-title elementor-size-default\">P\u00e1gina Inicial<\/h2>\t\t\t\t<\/div>\n\t\t\t\t<\/div>\n\t\t\t\t\t<\/div>\n\t\t\t\t<\/div>\n\t\t\t\t<\/div>","protected":false},"excerpt":{"rendered":"<p>A Rede de BioImagem de Minas Gerais (BioIMG Net) \u00e9 um esfor\u00e7o colaborativo apoiado pelo Programa Chan Zuckerberg Initiative (CZI) - Expanding Global Access to Bioimaging. A rede foi projetada para fortalecer, inicialmente, a colabora\u00e7\u00e3o entre instala\u00e7\u00f5es de microscopia multiusu\u00e1rio no estado de Minas Gerais e depois expandir esse esfor\u00e7o para outras regi\u00f5es do Brasil e da Am\u00e9rica Latina.<\/p>","protected":false},"author":1,"featured_media":0,"parent":0,"menu_order":0,"comment_status":"closed","ping_status":"closed","template":"","meta":{"footnotes":""},"class_list":["post-8","page","type-page","status-publish","hentry"],"_links":{"self":[{"href":"https:\/\/bioimgnet.com.br\/pt\/wp-json\/wp\/v2\/pages\/8","targetHints":{"allow":["GET"]}}],"collection":[{"href":"https:\/\/bioimgnet.com.br\/pt\/wp-json\/wp\/v2\/pages"}],"about":[{"href":"https:\/\/bioimgnet.com.br\/pt\/wp-json\/wp\/v2\/types\/page"}],"author":[{"embeddable":true,"href":"https:\/\/bioimgnet.com.br\/pt\/wp-json\/wp\/v2\/users\/1"}],"replies":[{"embeddable":true,"href":"https:\/\/bioimgnet.com.br\/pt\/wp-json\/wp\/v2\/comments?post=8"}],"version-history":[{"count":6,"href":"https:\/\/bioimgnet.com.br\/pt\/wp-json\/wp\/v2\/pages\/8\/revisions"}],"predecessor-version":[{"id":94,"href":"https:\/\/bioimgnet.com.br\/pt\/wp-json\/wp\/v2\/pages\/8\/revisions\/94"}],"wp:attachment":[{"href":"https:\/\/bioimgnet.com.br\/pt\/wp-json\/wp\/v2\/media?parent=8"}],"curies":[{"name":"wp","href":"https:\/\/api.w.org\/{rel}","templated":true}]}}